{"id":19,"date":"2024-10-08T04:13:09","date_gmt":"2024-10-08T04:13:09","guid":{"rendered":"https:\/\/psicologofabianvanegas.com.co\/?page_id=19"},"modified":"2025-02-12T05:53:23","modified_gmt":"2025-02-12T05:53:23","slug":"servicios","status":"publish","type":"page","link":"https:\/\/psicologofabianvanegas.com.co\/index.php\/servicios\/","title":{"rendered":"Servicios"},"content":{"rendered":"\t\t<div data-elementor-type=\"wp-page\" data-elementor-id=\"19\" class=\"elementor elementor-19\" data-elementor-post-type=\"page\">\n\t\t\t\t<div class=\"elementor-element elementor-element-6b81fcaa e-con-full e-flex e-con e-parent\" data-id=\"6b81fcaa\" data-element_type=\"container\" data-settings=\"{&quot;background_background&quot;:&quot;classic&quot;}\">\n\t\t\t\t<div class=\"elementor-element elementor-element-54b184f6 elementor-widget elementor-widget-heading\" data-id=\"54b184f6\" data-element_type=\"widget\" data-widget_type=\"heading.default\">\n\t\t\t\t<div class=\"elementor-widget-container\">\n\t\t\t\t\t<h1 class=\"elementor-heading-title elementor-size-default\">Nuestros Servicios para tu Bienestar<\/h1>\t\t\t\t<\/div>\n\t\t\t\t<\/div>\n\t\t\t\t<\/div>\n\t\t<div class=\"elementor-element elementor-element-3b34084 e-con-full e-flex e-con e-parent\" data-id=\"3b34084\" data-element_type=\"container\">\n\t\t\t\t<div class=\"elementor-element elementor-element-3dffe27 elementor-widget elementor-widget-text-editor\" data-id=\"3dffe27\" data-element_type=\"widget\" data-widget_type=\"text-editor.default\">\n\t\t\t\t<div class=\"elementor-widget-container\">\n\t\t\t\t\t\t\t\t\t<p data-pm-slice=\"1 1 []\">Siempre iniciaremos con una valoracion inicial de 40 minutos donde te escuchare, analizaremos tu situacion, te dare la opcion que mejor se adapta a tus necesidades y te informare sobre el valor de los servicios.<\/p>\t\t\t\t\t\t\t\t<\/div>\n\t\t\t\t<\/div>\n\t\t<div class=\"elementor-element elementor-element-ec9933b e-con-full e-flex e-con e-child\" data-id=\"ec9933b\" data-element_type=\"container\" data-settings=\"{&quot;background_background&quot;:&quot;classic&quot;}\">\n\t\t\t\t<div class=\"elementor-element elementor-element-033bdd5 elementor-widget__width-auto elementor-widget-mobile__width-inherit elementor-widget elementor-widget-heading\" data-id=\"033bdd5\" data-element_type=\"widget\" data-widget_type=\"heading.default\">\n\t\t\t\t<div class=\"elementor-widget-container\">\n\t\t\t\t\t<h2 class=\"elementor-heading-title elementor-size-default\">1. Psicologia individual<\/h2>\t\t\t\t<\/div>\n\t\t\t\t<\/div>\n\t\t\t\t<div class=\"elementor-element elementor-element-3f2b8695 elementor-widget elementor-widget-text-editor\" data-id=\"3f2b8695\" data-element_type=\"widget\" data-widget_type=\"text-editor.default\">\n\t\t\t\t<div class=\"elementor-widget-container\">\n\t\t\t\t\t\t\t\t\t<p data-renderer-start-pos=\"6271\">Evaluamos como funciona tu mente y la interaccion con el contexto, establecemos objetivos terapeuticos, aprendemos tecnicas psicologicas y prevenimos recaidas, todo esto con el fin de regresarte la tranquilidad y encontrar la mejor version de ti mismo.<\/p>\t\t\t\t\t\t\t\t<\/div>\n\t\t\t\t<\/div>\n\t\t\t\t<\/div>\n\t\t<div class=\"elementor-element elementor-element-37c3c5a e-grid e-con-full e-con e-child\" data-id=\"37c3c5a\" data-element_type=\"container\">\n\t\t<div class=\"elementor-element elementor-element-ea3c775 e-con-full e-flex e-con e-child\" data-id=\"ea3c775\" data-element_type=\"container\" data-settings=\"{&quot;background_background&quot;:&quot;classic&quot;}\">\n\t\t\t\t<div class=\"elementor-element elementor-element-3835c90 elementor-widget elementor-widget-heading\" data-id=\"3835c90\" data-element_type=\"widget\" data-widget_type=\"heading.default\">\n\t\t\t\t<div class=\"elementor-widget-container\">\n\t\t\t\t\t<h4 class=\"elementor-heading-title elementor-size-default\">A. Terapia cognitiva para el manejo de la Ansiedad<\/h4>\t\t\t\t<\/div>\n\t\t\t\t<\/div>\n\t\t\t\t<div class=\"elementor-element elementor-element-452c7f2 elementor-widget elementor-widget-text-editor\" data-id=\"452c7f2\" data-element_type=\"widget\" data-widget_type=\"text-editor.default\">\n\t\t\t\t<div class=\"elementor-widget-container\">\n\t\t\t\t\t\t\t\t\t<p>\u00bfSientes que la ansiedad te est\u00e1 robando la tranquilidad? Mi enfoque en terapia cognitiva te ayudar\u00e1 a identificar y manejar los detonantes de tu ansiedad. A trav\u00e9s de t\u00e9cnicas basadas en la evidencia, aprender\u00e1s a controlar los pensamientos que te abruman y a vivir con mayor serenidad.<\/p>\t\t\t\t\t\t\t\t<\/div>\n\t\t\t\t<\/div>\n\t\t\t\t<\/div>\n\t\t<div class=\"elementor-element elementor-element-37c40ede e-con-full e-flex e-con e-child\" data-id=\"37c40ede\" data-element_type=\"container\" data-settings=\"{&quot;background_background&quot;:&quot;classic&quot;}\">\n\t\t\t\t<div class=\"elementor-element elementor-element-66490c7f elementor-widget elementor-widget-heading\" data-id=\"66490c7f\" data-element_type=\"widget\" data-widget_type=\"heading.default\">\n\t\t\t\t<div class=\"elementor-widget-container\">\n\t\t\t\t\t<h4 class=\"elementor-heading-title elementor-size-default\">B. Terapia cognitiva para el Manejo del Miedo y la inseguridad<\/h4>\t\t\t\t<\/div>\n\t\t\t\t<\/div>\n\t\t\t\t<div class=\"elementor-element elementor-element-741d7411 elementor-widget elementor-widget-text-editor\" data-id=\"741d7411\" data-element_type=\"widget\" data-widget_type=\"text-editor.default\">\n\t\t\t\t<div class=\"elementor-widget-container\">\n\t\t\t\t\t\t\t\t\t<p>\u00bfTienes miedo a situaciones o actividades que otros encuentran comunes? Juntos trabajaremos para superar estos temores mediante t\u00e9cnicas como la exposici\u00f3n gradual y la reestructuraci\u00f3n cognitiva. Mi objetivo es ayudarte a vivir sin que el miedo controle tu vida.<\/p>\t\t\t\t\t\t\t\t<\/div>\n\t\t\t\t<\/div>\n\t\t\t\t<\/div>\n\t\t<div class=\"elementor-element elementor-element-4f88082e e-con-full e-flex e-con e-child\" data-id=\"4f88082e\" data-element_type=\"container\" data-settings=\"{&quot;background_background&quot;:&quot;classic&quot;}\">\n\t\t\t\t<div class=\"elementor-element elementor-element-6816cfba elementor-widget elementor-widget-heading\" data-id=\"6816cfba\" data-element_type=\"widget\" data-widget_type=\"heading.default\">\n\t\t\t\t<div class=\"elementor-widget-container\">\n\t\t\t\t\t<h4 class=\"elementor-heading-title elementor-size-default\">c. Terapia conductual para la Procrastinaci\u00f3n y el Logro de Metas<\/h4>\t\t\t\t<\/div>\n\t\t\t\t<\/div>\n\t\t\t\t<div class=\"elementor-element elementor-element-33eef948 elementor-widget elementor-widget-text-editor\" data-id=\"33eef948\" data-element_type=\"widget\" data-widget_type=\"text-editor.default\">\n\t\t\t\t<div class=\"elementor-widget-container\">\n\t\t\t\t\t\t\t\t\t<p>La procrastinaci\u00f3n puede ser un s\u00edntoma de inseguridad, miedo al fracaso o falta de motivaci\u00f3n. Trabajaremos en tus patrones de procrastinaci\u00f3n, identificando las ra\u00edces de este comportamiento y construyendo un plan personalizado para que logres avanzar hacia tus metas.<\/p>\t\t\t\t\t\t\t\t<\/div>\n\t\t\t\t<\/div>\n\t\t\t\t<\/div>\n\t\t<div class=\"elementor-element elementor-element-2d96866 e-con-full e-flex e-con e-child\" data-id=\"2d96866\" data-element_type=\"container\" data-settings=\"{&quot;background_background&quot;:&quot;classic&quot;}\">\n\t\t\t\t<div class=\"elementor-element elementor-element-3d1186b1 elementor-widget elementor-widget-heading\" data-id=\"3d1186b1\" data-element_type=\"widget\" data-widget_type=\"heading.default\">\n\t\t\t\t<div class=\"elementor-widget-container\">\n\t\t\t\t\t<h4 class=\"elementor-heading-title elementor-size-default\">D. Terapia de Activaci\u00f3n Conductual para la Depresi\u00f3n<\/h4>\t\t\t\t<\/div>\n\t\t\t\t<\/div>\n\t\t\t\t<div class=\"elementor-element elementor-element-41434788 elementor-widget elementor-widget-text-editor\" data-id=\"41434788\" data-element_type=\"widget\" data-widget_type=\"text-editor.default\">\n\t\t\t\t<div class=\"elementor-widget-container\">\n\t\t\t\t\t\t\t\t\t<p>\u00bfTe sientes atrapado en un ciclo de tristeza y falta de motivaci\u00f3n? Mi enfoque en la terapia de activaci\u00f3n conductual te ayudar\u00e1 a romper ese ciclo, motiv\u00e1ndote a participar en actividades que son significativas y placenteras para ti.<\/p>\t\t\t\t\t\t\t\t<\/div>\n\t\t\t\t<\/div>\n\t\t\t\t<\/div>\n\t\t\t\t<\/div>\n\t\t\t\t<\/div>\n\t\t<div class=\"elementor-element elementor-element-505c4a8 e-con-full e-flex e-con e-parent\" data-id=\"505c4a8\" data-element_type=\"container\">\n\t\t<div class=\"elementor-element elementor-element-58fd720 e-con-full e-flex e-con e-child\" data-id=\"58fd720\" data-element_type=\"container\" data-settings=\"{&quot;background_background&quot;:&quot;classic&quot;}\">\n\t\t\t\t<div class=\"elementor-element elementor-element-c6d9012 elementor-widget__width-auto elementor-widget-mobile__width-inherit elementor-widget elementor-widget-heading\" data-id=\"c6d9012\" data-element_type=\"widget\" data-widget_type=\"heading.default\">\n\t\t\t\t<div class=\"elementor-widget-container\">\n\t\t\t\t\t<h2 class=\"elementor-heading-title elementor-size-default\">2.Orientacion psicologica<\/h2>\t\t\t\t<\/div>\n\t\t\t\t<\/div>\n\t\t\t\t<\/div>\n\t\t<div class=\"elementor-element elementor-element-3ea73aa e-grid e-con-full e-con e-child\" data-id=\"3ea73aa\" data-element_type=\"container\">\n\t\t<div class=\"elementor-element elementor-element-46dcb903 e-con-full e-flex e-con e-child\" data-id=\"46dcb903\" data-element_type=\"container\" data-settings=\"{&quot;background_background&quot;:&quot;classic&quot;}\">\n\t\t\t\t<div class=\"elementor-element elementor-element-24b18870 elementor-widget elementor-widget-heading\" data-id=\"24b18870\" data-element_type=\"widget\" data-widget_type=\"heading.default\">\n\t\t\t\t<div class=\"elementor-widget-container\">\n\t\t\t\t\t<h4 class=\"elementor-heading-title elementor-size-default\">a. Recupera tu Sue\u00f1o: Lib\u00e9rate de la Adicci\u00f3n al Celular<\/h4>\t\t\t\t<\/div>\n\t\t\t\t<\/div>\n\t\t\t\t<div class=\"elementor-element elementor-element-599efdd9 elementor-widget elementor-widget-text-editor\" data-id=\"599efdd9\" data-element_type=\"widget\" data-widget_type=\"text-editor.default\">\n\t\t\t\t<div class=\"elementor-widget-container\">\n\t\t\t\t\t\t\t\t\t<p>\u00bfSientes que tu celular interfiere con tu sue\u00f1o y bienestar? En mis sesiones, te ayudar\u00e9 a reconocer los patrones de uso del celular que afectan tu descanso y a implementar estrategias efectivas para reducir su impacto en tu vida.<\/p>\t\t\t\t\t\t\t\t<\/div>\n\t\t\t\t<\/div>\n\t\t\t\t<\/div>\n\t\t<div class=\"elementor-element elementor-element-2dc8b53f e-con-full e-flex e-con e-child\" data-id=\"2dc8b53f\" data-element_type=\"container\" data-settings=\"{&quot;background_background&quot;:&quot;classic&quot;}\">\n\t\t\t\t<div class=\"elementor-element elementor-element-b0bc0bd elementor-widget elementor-widget-heading\" data-id=\"b0bc0bd\" data-element_type=\"widget\" data-widget_type=\"heading.default\">\n\t\t\t\t<div class=\"elementor-widget-container\">\n\t\t\t\t\t<h4 class=\"elementor-heading-title elementor-size-default\">B. Sanando el Coraz\u00f3n: Supera el Duelo Amoroso<\/h4>\t\t\t\t<\/div>\n\t\t\t\t<\/div>\n\t\t\t\t<div class=\"elementor-element elementor-element-618201ab elementor-widget elementor-widget-text-editor\" data-id=\"618201ab\" data-element_type=\"widget\" data-widget_type=\"text-editor.default\">\n\t\t\t\t<div class=\"elementor-widget-container\">\n\t\t\t\t\t\t\t\t\t<p>Te sientes atrapado en el dolor de una p\u00e9rdida amorosa? En mis sesiones, te brindar\u00e9 un espacio seguro para explorar tus emociones y ayudarte a procesar el duelo de manera saludable, permiti\u00e9ndote avanzar hacia la sanaci\u00f3n.<\/p>\t\t\t\t\t\t\t\t<\/div>\n\t\t\t\t<\/div>\n\t\t\t\t<\/div>\n\t\t<div class=\"elementor-element elementor-element-332c1d69 e-con-full e-flex e-con e-child\" data-id=\"332c1d69\" data-element_type=\"container\" data-settings=\"{&quot;background_background&quot;:&quot;classic&quot;}\">\n\t\t\t\t<div class=\"elementor-element elementor-element-2b7de7f3 elementor-widget elementor-widget-heading\" data-id=\"2b7de7f3\" data-element_type=\"widget\" data-widget_type=\"heading.default\">\n\t\t\t\t<div class=\"elementor-widget-container\">\n\t\t\t\t\t<h4 class=\"elementor-heading-title elementor-size-default\">Fortaleciendo V\u00ednculos: Supera la Insatisfacci\u00f3n Familiar<\/h4>\t\t\t\t<\/div>\n\t\t\t\t<\/div>\n\t\t\t\t<div class=\"elementor-element elementor-element-4b60a3eb elementor-widget elementor-widget-text-editor\" data-id=\"4b60a3eb\" data-element_type=\"widget\" data-widget_type=\"text-editor.default\">\n\t\t\t\t<div class=\"elementor-widget-container\">\n\t\t\t\t\t\t\t\t\t<p>C. \u00bfSientes que las din\u00e1micas familiares te generan frustraci\u00f3n y descontento? En mis sesiones, te ayudar\u00e9 a identificar los problemas que afectan tus relaciones familiares y a desarrollar estrategias para mejorar la comunicaci\u00f3n y la conexi\u00f3n con tus seres queridos.<\/p>\t\t\t\t\t\t\t\t<\/div>\n\t\t\t\t<\/div>\n\t\t\t\t<\/div>\n\t\t<div class=\"elementor-element elementor-element-80b1dff e-con-full e-flex e-con e-child\" data-id=\"80b1dff\" data-element_type=\"container\" data-settings=\"{&quot;background_background&quot;:&quot;classic&quot;}\">\n\t\t\t\t<div class=\"elementor-element elementor-element-d96bc3e elementor-widget elementor-widget-heading\" data-id=\"d96bc3e\" data-element_type=\"widget\" data-widget_type=\"heading.default\">\n\t\t\t\t<div class=\"elementor-widget-container\">\n\t\t\t\t\t<h4 class=\"elementor-heading-title elementor-size-default\"> Descubre tu Camino: Orientaci\u00f3n Vocacional y Profesional<\/h4>\t\t\t\t<\/div>\n\t\t\t\t<\/div>\n\t\t\t\t<div class=\"elementor-element elementor-element-abb267e elementor-widget elementor-widget-text-editor\" data-id=\"abb267e\" data-element_type=\"widget\" data-widget_type=\"text-editor.default\">\n\t\t\t\t<div class=\"elementor-widget-container\">\n\t\t\t\t\t\t\t\t\t<p data-pm-slice=\"1 1 []\">D.\u00a0 \u00bfTe sientes perdido en la elecci\u00f3n de tu carrera o el rumbo profesional que deseas tomar? En mis sesiones de orientaci\u00f3n vocacional, trabajar\u00e9 contigo para identificar tus intereses, habilidades y valores, ayud\u00e1ndote a tomar decisiones informadas sobre tu futuro laboral.<\/p>\t\t\t\t\t\t\t\t<\/div>\n\t\t\t\t<\/div>\n\t\t\t\t<\/div>\n\t\t\t\t<\/div>\n\t\t\t\t<\/div>\n\t\t\t\t<\/div>\n\t\t","protected":false},"excerpt":{"rendered":"<p>Nuestros Servicios para tu Bienestar Siempre iniciaremos con una valoracion inicial de 40 minutos donde te escuchare, analizaremos tu situacion, [&hellip;]<\/p>\n","protected":false},"author":1,"featured_media":0,"parent":0,"menu_order":0,"comment_status":"closed","ping_status":"closed","template":"elementor_header_footer","meta":{"site-sidebar-layout":"no-sidebar","site-content-layout":"","ast-site-content-layout":"full-width-container","site-content-style":"default","site-sidebar-style":"default","ast-global-header-display":"","ast-banner-title-visibility":"","ast-main-header-display":"","ast-hfb-above-header-display":"","ast-hfb-below-header-display":"","ast-hfb-mobile-header-display":"","site-post-title":"disabled","ast-breadcrumbs-content":"","ast-featured-img":"disabled","footer-sml-layout":"","theme-transparent-header-meta":"","adv-header-id-meta":"","stick-header-meta":"","header-above-stick-meta":"","header-main-stick-meta":"","header-below-stick-meta":"","astra-migrate-meta-layouts":"default","ast-page-background-enabled":"default","ast-page-background-meta":{"desktop":{"background-color":"var(--ast-global-color-4)","background-image":"","background-repeat":"repeat","background-position":"center center","background-size":"auto","background-attachment":"scroll","background-type":"","background-media":"","overlay-type":"","overlay-color":"","overlay-opacity":"","overlay-gradient":""},"tablet":{"background-color":"","background-image":"","background-repeat":"repeat","background-position":"center center","background-size":"auto","background-attachment":"scroll","background-type":"","background-media":"","overlay-type":"","overlay-color":"","overlay-opacity":"","overlay-gradient":""},"mobile":{"background-color":"","background-image":"","background-repeat":"repeat","background-position":"center center","background-size":"auto","background-attachment":"scroll","background-type":"","background-media":"","overlay-type":"","overlay-color":"","overlay-opacity":"","overlay-gradient":""}},"ast-content-background-meta":{"desktop":{"background-color":"var(--ast-global-color-5)","background-image":"","background-repeat":"repeat","background-position":"center center","background-size":"auto","background-attachment":"scroll","background-type":"","background-media":"","overlay-type":"","overlay-color":"","overlay-opacity":"","overlay-gradient":""},"tablet":{"background-color":"var(--ast-global-color-5)","background-image":"","background-repeat":"repeat","background-position":"center center","background-size":"auto","background-attachment":"scroll","background-type":"","background-media":"","overlay-type":"","overlay-color":"","overlay-opacity":"","overlay-gradient":""},"mobile":{"background-color":"var(--ast-global-color-5)","background-image":"","background-repeat":"repeat","background-position":"center center","background-size":"auto","background-attachment":"scroll","background-type":"","background-media":"","overlay-type":"","overlay-color":"","overlay-opacity":"","overlay-gradient":""}},"_joinchat":[],"footnotes":""},"class_list":["post-19","page","type-page","status-publish","hentry"],"yoast_head":"<!-- This site is optimized with the Yoast SEO plugin v25.6 - https:\/\/yoast.com\/wordpress\/plugins\/seo\/ -->\n<title>Servicios - Psicologo Fabian Vanegas<\/title>\n<meta name=\"robots\" content=\"index, follow, max-snippet:-1, max-image-preview:large, max-video-preview:-1\" \/>\n<link rel=\"canonical\" href=\"https:\/\/psicologofabianvanegas.com.co\/index.php\/servicios\/\" \/>\n<meta property=\"og:locale\" content=\"es_ES\" \/>\n<meta property=\"og:type\" content=\"article\" \/>\n<meta property=\"og:title\" content=\"Servicios - Psicologo Fabian Vanegas\" \/>\n<meta property=\"og:description\" content=\"Nuestros Servicios para tu Bienestar Siempre iniciaremos con una valoracion inicial de 40 minutos donde te escuchare, analizaremos tu situacion, [&hellip;]\" \/>\n<meta property=\"og:url\" content=\"https:\/\/psicologofabianvanegas.com.co\/index.php\/servicios\/\" \/>\n<meta property=\"og:site_name\" content=\"Psicologo Fabian Vanegas\" \/>\n<meta property=\"article:modified_time\" content=\"2025-02-12T05:53:23+00:00\" \/>\n<meta name=\"twitter:card\" content=\"summary_large_image\" \/>\n<meta name=\"twitter:label1\" content=\"Tiempo de lectura\" \/>\n\t<meta name=\"twitter:data1\" content=\"3 minutos\" \/>\n<script type=\"application\/ld+json\" class=\"yoast-schema-graph\">{\"@context\":\"https:\/\/schema.org\",\"@graph\":[{\"@type\":\"WebPage\",\"@id\":\"https:\/\/psicologofabianvanegas.com.co\/index.php\/servicios\/\",\"url\":\"https:\/\/psicologofabianvanegas.com.co\/index.php\/servicios\/\",\"name\":\"Servicios - Psicologo Fabian Vanegas\",\"isPartOf\":{\"@id\":\"https:\/\/psicologofabianvanegas.com.co\/#website\"},\"datePublished\":\"2024-10-08T04:13:09+00:00\",\"dateModified\":\"2025-02-12T05:53:23+00:00\",\"breadcrumb\":{\"@id\":\"https:\/\/psicologofabianvanegas.com.co\/index.php\/servicios\/#breadcrumb\"},\"inLanguage\":\"es\",\"potentialAction\":[{\"@type\":\"ReadAction\",\"target\":[\"https:\/\/psicologofabianvanegas.com.co\/index.php\/servicios\/\"]}]},{\"@type\":\"BreadcrumbList\",\"@id\":\"https:\/\/psicologofabianvanegas.com.co\/index.php\/servicios\/#breadcrumb\",\"itemListElement\":[{\"@type\":\"ListItem\",\"position\":1,\"name\":\"Portada\",\"item\":\"https:\/\/psicologofabianvanegas.com.co\/\"},{\"@type\":\"ListItem\",\"position\":2,\"name\":\"Servicios\"}]},{\"@type\":\"WebSite\",\"@id\":\"https:\/\/psicologofabianvanegas.com.co\/#website\",\"url\":\"https:\/\/psicologofabianvanegas.com.co\/\",\"name\":\"Psicologo Fabian Vanegas\",\"description\":\"\",\"potentialAction\":[{\"@type\":\"SearchAction\",\"target\":{\"@type\":\"EntryPoint\",\"urlTemplate\":\"https:\/\/psicologofabianvanegas.com.co\/?s={search_term_string}\"},\"query-input\":{\"@type\":\"PropertyValueSpecification\",\"valueRequired\":true,\"valueName\":\"search_term_string\"}}],\"inLanguage\":\"es\"}]}<\/script>\n<!-- \/ Yoast SEO plugin. -->","yoast_head_json":{"title":"Servicios - Psicologo Fabian Vanegas","robots":{"index":"index","follow":"follow","max-snippet":"max-snippet:-1","max-image-preview":"max-image-preview:large","max-video-preview":"max-video-preview:-1"},"canonical":"https:\/\/psicologofabianvanegas.com.co\/index.php\/servicios\/","og_locale":"es_ES","og_type":"article","og_title":"Servicios - Psicologo Fabian Vanegas","og_description":"Nuestros Servicios para tu Bienestar Siempre iniciaremos con una valoracion inicial de 40 minutos donde te escuchare, analizaremos tu situacion, [&hellip;]","og_url":"https:\/\/psicologofabianvanegas.com.co\/index.php\/servicios\/","og_site_name":"Psicologo Fabian Vanegas","article_modified_time":"2025-02-12T05:53:23+00:00","twitter_card":"summary_large_image","twitter_misc":{"Tiempo de lectura":"3 minutos"},"schema":{"@context":"https:\/\/schema.org","@graph":[{"@type":"WebPage","@id":"https:\/\/psicologofabianvanegas.com.co\/index.php\/servicios\/","url":"https:\/\/psicologofabianvanegas.com.co\/index.php\/servicios\/","name":"Servicios - Psicologo Fabian Vanegas","isPartOf":{"@id":"https:\/\/psicologofabianvanegas.com.co\/#website"},"datePublished":"2024-10-08T04:13:09+00:00","dateModified":"2025-02-12T05:53:23+00:00","breadcrumb":{"@id":"https:\/\/psicologofabianvanegas.com.co\/index.php\/servicios\/#breadcrumb"},"inLanguage":"es","potentialAction":[{"@type":"ReadAction","target":["https:\/\/psicologofabianvanegas.com.co\/index.php\/servicios\/"]}]},{"@type":"BreadcrumbList","@id":"https:\/\/psicologofabianvanegas.com.co\/index.php\/servicios\/#breadcrumb","itemListElement":[{"@type":"ListItem","position":1,"name":"Portada","item":"https:\/\/psicologofabianvanegas.com.co\/"},{"@type":"ListItem","position":2,"name":"Servicios"}]},{"@type":"WebSite","@id":"https:\/\/psicologofabianvanegas.com.co\/#website","url":"https:\/\/psicologofabianvanegas.com.co\/","name":"Psicologo Fabian Vanegas","description":"","potentialAction":[{"@type":"SearchAction","target":{"@type":"EntryPoint","urlTemplate":"https:\/\/psicologofabianvanegas.com.co\/?s={search_term_string}"},"query-input":{"@type":"PropertyValueSpecification","valueRequired":true,"valueName":"search_term_string"}}],"inLanguage":"es"}]}},"_links":{"self":[{"href":"https:\/\/psicologofabianvanegas.com.co\/index.php\/wp-json\/wp\/v2\/pages\/19","targetHints":{"allow":["GET"]}}],"collection":[{"href":"https:\/\/psicologofabianvanegas.com.co\/index.php\/wp-json\/wp\/v2\/pages"}],"about":[{"href":"https:\/\/psicologofabianvanegas.com.co\/index.php\/wp-json\/wp\/v2\/types\/page"}],"author":[{"embeddable":true,"href":"https:\/\/psicologofabianvanegas.com.co\/index.php\/wp-json\/wp\/v2\/users\/1"}],"replies":[{"embeddable":true,"href":"https:\/\/psicologofabianvanegas.com.co\/index.php\/wp-json\/wp\/v2\/comments?post=19"}],"version-history":[{"count":65,"href":"https:\/\/psicologofabianvanegas.com.co\/index.php\/wp-json\/wp\/v2\/pages\/19\/revisions"}],"predecessor-version":[{"id":762,"href":"https:\/\/psicologofabianvanegas.com.co\/index.php\/wp-json\/wp\/v2\/pages\/19\/revisions\/762"}],"wp:attachment":[{"href":"https:\/\/psicologofabianvanegas.com.co\/index.php\/wp-json\/wp\/v2\/media?parent=19"}],"curies":[{"name":"wp","href":"https:\/\/api.w.org\/{rel}","templated":true}]}}