{"id":21,"date":"2024-10-08T04:13:18","date_gmt":"2024-10-08T04:13:18","guid":{"rendered":"https:\/\/psicologofabianvanegas.com.co\/?page_id=21"},"modified":"2025-02-12T06:09:19","modified_gmt":"2025-02-12T06:09:19","slug":"gym-mental","status":"publish","type":"page","link":"https:\/\/psicologofabianvanegas.com.co\/index.php\/gym-mental\/","title":{"rendered":"Gym Mental"},"content":{"rendered":"\t\t<div data-elementor-type=\"wp-page\" data-elementor-id=\"21\" class=\"elementor elementor-21\" data-elementor-post-type=\"page\">\n\t\t\t\t<div class=\"elementor-element elementor-element-2df91989 e-con-full e-flex e-con e-parent\" data-id=\"2df91989\" data-element_type=\"container\" data-settings=\"{&quot;background_background&quot;:&quot;gradient&quot;}\">\n\t\t\t\t<div class=\"elementor-element elementor-element-280c1dc7 elementor-widget elementor-widget-heading\" data-id=\"280c1dc7\" data-element_type=\"widget\" data-widget_type=\"heading.default\">\n\t\t\t\t<div class=\"elementor-widget-container\">\n\t\t\t\t\t<h1 class=\"elementor-heading-title elementor-size-default\">Gym Mental<\/h1>\t\t\t\t<\/div>\n\t\t\t\t<\/div>\n\t\t\t\t<\/div>\n\t\t<div class=\"elementor-element elementor-element-3173fee e-con-full e-flex e-con e-parent\" data-id=\"3173fee\" data-element_type=\"container\">\n\t\t\t\t<div class=\"elementor-element elementor-element-38cef77 elementor-widget elementor-widget-text-editor\" data-id=\"38cef77\" data-element_type=\"widget\" data-widget_type=\"text-editor.default\">\n\t\t\t\t<div class=\"elementor-widget-container\">\n\t\t\t\t\t\t\t\t\t<p><strong>\u00a1Alcanza tu potencial con Gym Mental!<\/strong><br \/>\u00bfEst\u00e1s listo para transformar tu vida y alcanzar tus objetivos? Te invito a unirte a nuestro Gym Mental, donde ofrecemos planes de entrenamiento dise\u00f1ados para ayudarte a desarrollar habilidades clave y mejorar tu bienestar emocional.<\/p>\t\t\t\t\t\t\t\t<\/div>\n\t\t\t\t<\/div>\n\t\t<div class=\"elementor-element elementor-element-3b3895c e-con-full e-flex e-con e-child\" data-id=\"3b3895c\" data-element_type=\"container\" data-settings=\"{&quot;background_background&quot;:&quot;classic&quot;}\">\n\t\t\t\t<div class=\"elementor-element elementor-element-7b83cc2 elementor-icon-list--layout-traditional elementor-list-item-link-full_width elementor-widget elementor-widget-icon-list\" data-id=\"7b83cc2\" data-element_type=\"widget\" data-widget_type=\"icon-list.default\">\n\t\t\t\t<div class=\"elementor-widget-container\">\n\t\t\t\t\t\t\t<ul class=\"elementor-icon-list-items\">\n\t\t\t\t\t\t\t<li class=\"elementor-icon-list-item\">\n\t\t\t\t\t\t\t\t\t\t\t<span class=\"elementor-icon-list-icon\">\n\t\t\t\t\t\t\t<svg aria-hidden=\"true\" class=\"e-font-icon-svg e-fas-check-circle\" viewBox=\"0 0 512 512\" xmlns=\"http:\/\/www.w3.org\/2000\/svg\"><path d=\"M504 256c0 136.967-111.033 248-248 248S8 392.967 8 256 119.033 8 256 8s248 111.033 248 248zM227.314 387.314l184-184c6.248-6.248 6.248-16.379 0-22.627l-22.627-22.627c-6.248-6.249-16.379-6.249-22.628 0L216 308.118l-70.059-70.059c-6.248-6.248-16.379-6.248-22.628 0l-22.627 22.627c-6.248 6.248-6.248 16.379 0 22.627l104 104c6.249 6.249 16.379 6.249 22.628.001z\"><\/path><\/svg>\t\t\t\t\t\t<\/span>\n\t\t\t\t\t\t\t\t\t\t<span class=\"elementor-icon-list-text\">Planes Personalizados: Ya sea que prefieras sesiones individuales o en grupo, tenemos un plan que se adapta a ti.<\/span>\n\t\t\t\t\t\t\t\t\t<\/li>\n\t\t\t\t\t\t\t\t<li class=\"elementor-icon-list-item\">\n\t\t\t\t\t\t\t\t\t\t\t<span class=\"elementor-icon-list-icon\">\n\t\t\t\t\t\t\t<svg aria-hidden=\"true\" class=\"e-font-icon-svg e-fas-check-circle\" viewBox=\"0 0 512 512\" xmlns=\"http:\/\/www.w3.org\/2000\/svg\"><path d=\"M504 256c0 136.967-111.033 248-248 248S8 392.967 8 256 119.033 8 256 8s248 111.033 248 248zM227.314 387.314l184-184c6.248-6.248 6.248-16.379 0-22.627l-22.627-22.627c-6.248-6.249-16.379-6.249-22.628 0L216 308.118l-70.059-70.059c-6.248-6.248-16.379-6.248-22.628 0l-22.627 22.627c-6.248 6.248-6.248 16.379 0 22.627l104 104c6.249 6.249 16.379 6.249 22.628.001z\"><\/path><\/svg>\t\t\t\t\t\t<\/span>\n\t\t\t\t\t\t\t\t\t\t<span class=\"elementor-icon-list-text\">Modalidades Flexibles: Elige entre entrenamiento presencial o en l\u00ednea, seg\u00fan lo que mejor se adapte a tu estilo de vida.<\/span>\n\t\t\t\t\t\t\t\t\t<\/li>\n\t\t\t\t\t\t\t\t<li class=\"elementor-icon-list-item\">\n\t\t\t\t\t\t\t\t\t\t\t<span class=\"elementor-icon-list-icon\">\n\t\t\t\t\t\t\t<svg aria-hidden=\"true\" class=\"e-font-icon-svg e-fas-check-circle\" viewBox=\"0 0 512 512\" xmlns=\"http:\/\/www.w3.org\/2000\/svg\"><path d=\"M504 256c0 136.967-111.033 248-248 248S8 392.967 8 256 119.033 8 256 8s248 111.033 248 248zM227.314 387.314l184-184c6.248-6.248 6.248-16.379 0-22.627l-22.627-22.627c-6.248-6.249-16.379-6.249-22.628 0L216 308.118l-70.059-70.059c-6.248-6.248-16.379-6.248-22.628 0l-22.627 22.627c-6.248 6.248-6.248 16.379 0 22.627l104 104c6.249 6.249 16.379 6.249 22.628.001z\"><\/path><\/svg>\t\t\t\t\t\t<\/span>\n\t\t\t\t\t\t\t\t\t\t<span class=\"elementor-icon-list-text\">Comunidad de Apoyo: Con\u00e9ctate con otros en un entorno motivador y alentador.<\/span>\n\t\t\t\t\t\t\t\t\t<\/li>\n\t\t\t\t\t\t\t\t<li class=\"elementor-icon-list-item\">\n\t\t\t\t\t\t\t\t\t\t\t<span class=\"elementor-icon-list-icon\">\n\t\t\t\t\t\t\t<svg aria-hidden=\"true\" class=\"e-font-icon-svg e-fas-check-circle\" viewBox=\"0 0 512 512\" xmlns=\"http:\/\/www.w3.org\/2000\/svg\"><path d=\"M504 256c0 136.967-111.033 248-248 248S8 392.967 8 256 119.033 8 256 8s248 111.033 248 248zM227.314 387.314l184-184c6.248-6.248 6.248-16.379 0-22.627l-22.627-22.627c-6.248-6.249-16.379-6.249-22.628 0L216 308.118l-70.059-70.059c-6.248-6.248-16.379-6.248-22.628 0l-22.627 22.627c-6.248 6.248-6.248 16.379 0 22.627l104 104c6.249 6.249 16.379 6.249 22.628.001z\"><\/path><\/svg>\t\t\t\t\t\t<\/span>\n\t\t\t\t\t\t\t\t\t\t<span class=\"elementor-icon-list-text\">Ejercicios Pr\u00e1cticos: \u200bCada sesi\u00f3n est\u00e1 dise\u00f1ada para proporcionarte herramientas y t\u00e9cnicas que podr\u00e1s aplicar en tu d\u00eda a d\u00eda.<\/span>\n\t\t\t\t\t\t\t\t\t<\/li>\n\t\t\t\t\t\t<\/ul>\n\t\t\t\t\t\t<\/div>\n\t\t\t\t<\/div>\n\t\t\t\t<div class=\"elementor-element elementor-element-b79f68c elementor-widget__width-auto elementor-widget-mobile__width-inherit elementor-widget elementor-widget-heading\" data-id=\"b79f68c\" data-element_type=\"widget\" data-widget_type=\"heading.default\">\n\t\t\t\t<div class=\"elementor-widget-container\">\n\t\t\t\t\t<h2 class=\"elementor-heading-title elementor-size-default\">\u00bfqU\u00c9 OFRECEMOS?<\/h2>\t\t\t\t<\/div>\n\t\t\t\t<\/div>\n\t\t\t\t<\/div>\n\t\t<div class=\"elementor-element elementor-element-e636061 e-grid e-con-full e-con e-child\" data-id=\"e636061\" data-element_type=\"container\">\n\t\t<div class=\"elementor-element elementor-element-e42dfb2 e-con-full e-flex e-con e-child\" data-id=\"e42dfb2\" data-element_type=\"container\" data-settings=\"{&quot;background_background&quot;:&quot;classic&quot;}\">\n\t\t\t\t<div class=\"elementor-element elementor-element-b7a941b elementor-widget elementor-widget-heading\" data-id=\"b7a941b\" data-element_type=\"widget\" data-widget_type=\"heading.default\">\n\t\t\t\t<div class=\"elementor-widget-container\">\n\t\t\t\t\t<h4 class=\"elementor-heading-title elementor-size-default\">Plan de entrenamiento en Habilidades Sociales<\/h4>\t\t\t\t<\/div>\n\t\t\t\t<\/div>\n\t\t\t\t<div class=\"elementor-element elementor-element-a5695de elementor-widget elementor-widget-text-editor\" data-id=\"a5695de\" data-element_type=\"widget\" data-widget_type=\"text-editor.default\">\n\t\t\t\t<div class=\"elementor-widget-container\">\n\t\t\t\t\t\t\t\t\t<p><strong>Descripci\u00f3n<\/strong>: Sesiones dise\u00f1adas para desarrollar habilidades de comunicaci\u00f3n, asertividad y manejo de relaciones interpersonales.<br \/><strong>Objetivo<\/strong>: Le ayuda a mejorar su capacidad para interactuar y conectarse con los dem\u00e1s.<\/p>\t\t\t\t\t\t\t\t<\/div>\n\t\t\t\t<\/div>\n\t\t\t\t<\/div>\n\t\t<div class=\"elementor-element elementor-element-b7aff19 e-con-full e-flex e-con e-child\" data-id=\"b7aff19\" data-element_type=\"container\" data-settings=\"{&quot;background_background&quot;:&quot;classic&quot;}\">\n\t\t\t\t<div class=\"elementor-element elementor-element-1d2fe0e elementor-widget elementor-widget-heading\" data-id=\"1d2fe0e\" data-element_type=\"widget\" data-widget_type=\"heading.default\">\n\t\t\t\t<div class=\"elementor-widget-container\">\n\t\t\t\t\t<h4 class=\"elementor-heading-title elementor-size-default\">Plan de entrenamiento en el Manejo de la Ansiedad<\/h4>\t\t\t\t<\/div>\n\t\t\t\t<\/div>\n\t\t\t\t<div class=\"elementor-element elementor-element-786041a elementor-widget elementor-widget-text-editor\" data-id=\"786041a\" data-element_type=\"widget\" data-widget_type=\"text-editor.default\">\n\t\t\t\t<div class=\"elementor-widget-container\">\n\t\t\t\t\t\t\t\t\t<p><strong>Descripci\u00f3n<\/strong>: Un programa estructurado que incluye t\u00e9cnicas de relajaci\u00f3n, mindfulness y estrategias para reducir la ansiedad en situaciones cotidianas.<br \/><strong>Objetivo<\/strong>: Proporcionar herramientas pr\u00e1cticas para gestionar y disminuir la ansiedad.<\/p>\t\t\t\t\t\t\t\t<\/div>\n\t\t\t\t<\/div>\n\t\t\t\t<\/div>\n\t\t<div class=\"elementor-element elementor-element-af69eaa e-con-full e-flex e-con e-child\" data-id=\"af69eaa\" data-element_type=\"container\" data-settings=\"{&quot;background_background&quot;:&quot;classic&quot;}\">\n\t\t\t\t<div class=\"elementor-element elementor-element-ebdc36e elementor-widget elementor-widget-heading\" data-id=\"ebdc36e\" data-element_type=\"widget\" data-widget_type=\"heading.default\">\n\t\t\t\t<div class=\"elementor-widget-container\">\n\t\t\t\t\t<h4 class=\"elementor-heading-title elementor-size-default\">Plan de entrenamiento en Inteligencia Emocional<\/h4>\t\t\t\t<\/div>\n\t\t\t\t<\/div>\n\t\t\t\t<div class=\"elementor-element elementor-element-d42a8f2 elementor-widget elementor-widget-text-editor\" data-id=\"d42a8f2\" data-element_type=\"widget\" data-widget_type=\"text-editor.default\">\n\t\t\t\t<div class=\"elementor-widget-container\">\n\t\t\t\t\t\t\t\t\t<p><strong>Descripci\u00f3n<\/strong>: Plan de entrenamiento que ense\u00f1a a identificar, comprender y gestionar las emociones propias y ajenas.<br \/><strong>Objetivo<\/strong>: Mejorar las habilidades emocionales para una vida personal y profesional m\u00e1s equilibrada.<\/p>\t\t\t\t\t\t\t\t<\/div>\n\t\t\t\t<\/div>\n\t\t\t\t<\/div>\n\t\t<div class=\"elementor-element elementor-element-9b8d7e3 e-con-full e-flex e-con e-child\" data-id=\"9b8d7e3\" data-element_type=\"container\" data-settings=\"{&quot;background_background&quot;:&quot;classic&quot;}\">\n\t\t\t\t<div class=\"elementor-element elementor-element-a0da0cd elementor-widget elementor-widget-heading\" data-id=\"a0da0cd\" data-element_type=\"widget\" data-widget_type=\"heading.default\">\n\t\t\t\t<div class=\"elementor-widget-container\">\n\t\t\t\t\t<h4 class=\"elementor-heading-title elementor-size-default\">Plan de entrenamiento en Resoluci\u00f3n de Conflictos<\/h4>\t\t\t\t<\/div>\n\t\t\t\t<\/div>\n\t\t\t\t<div class=\"elementor-element elementor-element-0517907 elementor-widget elementor-widget-text-editor\" data-id=\"0517907\" data-element_type=\"widget\" data-widget_type=\"text-editor.default\">\n\t\t\t\t<div class=\"elementor-widget-container\">\n\t\t\t\t\t\t\t\t\t<p><strong>Descripci\u00f3n<\/strong>: Un programa que ense\u00f1a t\u00e9cnicas de resoluci\u00f3n de conflictos y manejo de desacuerdos en diferentes contextos (familiares, laborales, etc.).<br \/><strong>Objetivo<\/strong>: Mejorar la capacidad para resolver conflictos de manera constructiva.<\/p>\t\t\t\t\t\t\t\t<\/div>\n\t\t\t\t<\/div>\n\t\t\t\t<\/div>\n\t\t<div class=\"elementor-element elementor-element-d4224c0 e-con-full e-flex e-con e-child\" data-id=\"d4224c0\" data-element_type=\"container\" data-settings=\"{&quot;background_background&quot;:&quot;classic&quot;}\">\n\t\t\t\t<div class=\"elementor-element elementor-element-1d58f33 elementor-widget elementor-widget-heading\" data-id=\"1d58f33\" data-element_type=\"widget\" data-widget_type=\"heading.default\">\n\t\t\t\t<div class=\"elementor-widget-container\">\n\t\t\t\t\t<h4 class=\"elementor-heading-title elementor-size-default\">Programa de entrenamiento en Adaptaci\u00f3n al Cambio\n<\/h4>\t\t\t\t<\/div>\n\t\t\t\t<\/div>\n\t\t\t\t<div class=\"elementor-element elementor-element-4de5670 elementor-widget elementor-widget-text-editor\" data-id=\"4de5670\" data-element_type=\"widget\" data-widget_type=\"text-editor.default\">\n\t\t\t\t<div class=\"elementor-widget-container\">\n\t\t\t\t\t\t\t\t\t<p><strong>Descripci\u00f3n<\/strong>: Sesiones dise\u00f1adas para ayudarle a manejar transiciones importantes en sus vidas, como cambios de trabajo o relaciones.<br \/><strong>Objetivo<\/strong>: Fomentar la resiliencia y la capacidad de adaptaci\u00f3n ante los cambios.<\/p>\t\t\t\t\t\t\t\t<\/div>\n\t\t\t\t<\/div>\n\t\t\t\t<\/div>\n\t\t<div class=\"elementor-element elementor-element-2263397 e-con-full e-flex e-con e-child\" data-id=\"2263397\" data-element_type=\"container\" data-settings=\"{&quot;background_background&quot;:&quot;classic&quot;}\">\n\t\t\t\t<div class=\"elementor-element elementor-element-cc47587 elementor-widget elementor-widget-heading\" data-id=\"cc47587\" data-element_type=\"widget\" data-widget_type=\"heading.default\">\n\t\t\t\t<div class=\"elementor-widget-container\">\n\t\t\t\t\t<h4 class=\"elementor-heading-title elementor-size-default\">Programa de entrenamiento en Gesti\u00f3n del Tiempo y Productividad<\/h4>\t\t\t\t<\/div>\n\t\t\t\t<\/div>\n\t\t\t\t<div class=\"elementor-element elementor-element-7340bd3 elementor-widget elementor-widget-text-editor\" data-id=\"7340bd3\" data-element_type=\"widget\" data-widget_type=\"text-editor.default\">\n\t\t\t\t<div class=\"elementor-widget-container\">\n\t\t\t\t\t\t\t\t\t<p><strong>Descripci\u00f3n<\/strong>: T\u00e9cnicas para mejorar la gesti\u00f3n del tiempo y aumentar la productividad personal y profesional.<br \/><strong>Objetivo<\/strong>: Le ayuda a organizar sus tareas y alcanzar sus objetivos con mayor eficacia.<\/p>\t\t\t\t\t\t\t\t<\/div>\n\t\t\t\t<\/div>\n\t\t\t\t<\/div>\n\t\t\t\t<\/div>\n\t\t\t\t<\/div>\n\t\t\t\t<\/div>\n\t\t","protected":false},"excerpt":{"rendered":"<p>Gym Mental \u00a1Alcanza tu potencial con Gym Mental!\u00bfEst\u00e1s listo para transformar tu vida y alcanzar tus objetivos? Te invito a [&hellip;]<\/p>\n","protected":false},"author":1,"featured_media":0,"parent":0,"menu_order":0,"comment_status":"closed","ping_status":"closed","template":"elementor_header_footer","meta":{"site-sidebar-layout":"no-sidebar","site-content-layout":"","ast-site-content-layout":"full-width-container","site-content-style":"default","site-sidebar-style":"default","ast-global-header-display":"","ast-banner-title-visibility":"","ast-main-header-display":"","ast-hfb-above-header-display":"","ast-hfb-below-header-display":"","ast-hfb-mobile-header-display":"","site-post-title":"disabled","ast-breadcrumbs-content":"","ast-featured-img":"disabled","footer-sml-layout":"","theme-transparent-header-meta":"","adv-header-id-meta":"","stick-header-meta":"","header-above-stick-meta":"","header-main-stick-meta":"","header-below-stick-meta":"","astra-migrate-meta-layouts":"default","ast-page-background-enabled":"default","ast-page-background-meta":{"desktop":{"background-color":"var(--ast-global-color-4)","background-image":"","background-repeat":"repeat","background-position":"center center","background-size":"auto","background-attachment":"scroll","background-type":"","background-media":"","overlay-type":"","overlay-color":"","overlay-opacity":"","overlay-gradient":""},"tablet":{"background-color":"","background-image":"","background-repeat":"repeat","background-position":"center center","background-size":"auto","background-attachment":"scroll","background-type":"","background-media":"","overlay-type":"","overlay-color":"","overlay-opacity":"","overlay-gradient":""},"mobile":{"background-color":"","background-image":"","background-repeat":"repeat","background-position":"center center","background-size":"auto","background-attachment":"scroll","background-type":"","background-media":"","overlay-type":"","overlay-color":"","overlay-opacity":"","overlay-gradient":""}},"ast-content-background-meta":{"desktop":{"background-color":"var(--ast-global-color-5)","background-image":"","background-repeat":"repeat","background-position":"center center","background-size":"auto","background-attachment":"scroll","background-type":"","background-media":"","overlay-type":"","overlay-color":"","overlay-opacity":"","overlay-gradient":""},"tablet":{"background-color":"var(--ast-global-color-5)","background-image":"","background-repeat":"repeat","background-position":"center center","background-size":"auto","background-attachment":"scroll","background-type":"","background-media":"","overlay-type":"","overlay-color":"","overlay-opacity":"","overlay-gradient":""},"mobile":{"background-color":"var(--ast-global-color-5)","background-image":"","background-repeat":"repeat","background-position":"center center","background-size":"auto","background-attachment":"scroll","background-type":"","background-media":"","overlay-type":"","overlay-color":"","overlay-opacity":"","overlay-gradient":""}},"_joinchat":[],"footnotes":""},"class_list":["post-21","page","type-page","status-publish","hentry"],"yoast_head":"<!-- This site is optimized with the Yoast SEO plugin v25.6 - https:\/\/yoast.com\/wordpress\/plugins\/seo\/ -->\n<title>Gym Mental - Psicologo Fabian Vanegas<\/title>\n<meta name=\"robots\" content=\"index, follow, max-snippet:-1, max-image-preview:large, max-video-preview:-1\" \/>\n<link rel=\"canonical\" href=\"https:\/\/psicologofabianvanegas.com.co\/index.php\/gym-mental\/\" \/>\n<meta property=\"og:locale\" content=\"es_ES\" \/>\n<meta property=\"og:type\" content=\"article\" \/>\n<meta property=\"og:title\" content=\"Gym Mental - Psicologo Fabian Vanegas\" \/>\n<meta property=\"og:description\" content=\"Gym Mental \u00a1Alcanza tu potencial con Gym Mental!\u00bfEst\u00e1s listo para transformar tu vida y alcanzar tus objetivos? Te invito a [&hellip;]\" \/>\n<meta property=\"og:url\" content=\"https:\/\/psicologofabianvanegas.com.co\/index.php\/gym-mental\/\" \/>\n<meta property=\"og:site_name\" content=\"Psicologo Fabian Vanegas\" \/>\n<meta property=\"article:modified_time\" content=\"2025-02-12T06:09:19+00:00\" \/>\n<meta name=\"twitter:card\" content=\"summary_large_image\" \/>\n<meta name=\"twitter:label1\" content=\"Tiempo de lectura\" \/>\n\t<meta name=\"twitter:data1\" content=\"2 minutos\" \/>\n<script type=\"application\/ld+json\" class=\"yoast-schema-graph\">{\"@context\":\"https:\/\/schema.org\",\"@graph\":[{\"@type\":\"WebPage\",\"@id\":\"https:\/\/psicologofabianvanegas.com.co\/index.php\/gym-mental\/\",\"url\":\"https:\/\/psicologofabianvanegas.com.co\/index.php\/gym-mental\/\",\"name\":\"Gym Mental - Psicologo Fabian Vanegas\",\"isPartOf\":{\"@id\":\"https:\/\/psicologofabianvanegas.com.co\/#website\"},\"datePublished\":\"2024-10-08T04:13:18+00:00\",\"dateModified\":\"2025-02-12T06:09:19+00:00\",\"breadcrumb\":{\"@id\":\"https:\/\/psicologofabianvanegas.com.co\/index.php\/gym-mental\/#breadcrumb\"},\"inLanguage\":\"es\",\"potentialAction\":[{\"@type\":\"ReadAction\",\"target\":[\"https:\/\/psicologofabianvanegas.com.co\/index.php\/gym-mental\/\"]}]},{\"@type\":\"BreadcrumbList\",\"@id\":\"https:\/\/psicologofabianvanegas.com.co\/index.php\/gym-mental\/#breadcrumb\",\"itemListElement\":[{\"@type\":\"ListItem\",\"position\":1,\"name\":\"Portada\",\"item\":\"https:\/\/psicologofabianvanegas.com.co\/\"},{\"@type\":\"ListItem\",\"position\":2,\"name\":\"Gym Mental\"}]},{\"@type\":\"WebSite\",\"@id\":\"https:\/\/psicologofabianvanegas.com.co\/#website\",\"url\":\"https:\/\/psicologofabianvanegas.com.co\/\",\"name\":\"Psicologo Fabian Vanegas\",\"description\":\"\",\"potentialAction\":[{\"@type\":\"SearchAction\",\"target\":{\"@type\":\"EntryPoint\",\"urlTemplate\":\"https:\/\/psicologofabianvanegas.com.co\/?s={search_term_string}\"},\"query-input\":{\"@type\":\"PropertyValueSpecification\",\"valueRequired\":true,\"valueName\":\"search_term_string\"}}],\"inLanguage\":\"es\"}]}<\/script>\n<!-- \/ Yoast SEO plugin. -->","yoast_head_json":{"title":"Gym Mental - Psicologo Fabian Vanegas","robots":{"index":"index","follow":"follow","max-snippet":"max-snippet:-1","max-image-preview":"max-image-preview:large","max-video-preview":"max-video-preview:-1"},"canonical":"https:\/\/psicologofabianvanegas.com.co\/index.php\/gym-mental\/","og_locale":"es_ES","og_type":"article","og_title":"Gym Mental - Psicologo Fabian Vanegas","og_description":"Gym Mental \u00a1Alcanza tu potencial con Gym Mental!\u00bfEst\u00e1s listo para transformar tu vida y alcanzar tus objetivos? Te invito a [&hellip;]","og_url":"https:\/\/psicologofabianvanegas.com.co\/index.php\/gym-mental\/","og_site_name":"Psicologo Fabian Vanegas","article_modified_time":"2025-02-12T06:09:19+00:00","twitter_card":"summary_large_image","twitter_misc":{"Tiempo de lectura":"2 minutos"},"schema":{"@context":"https:\/\/schema.org","@graph":[{"@type":"WebPage","@id":"https:\/\/psicologofabianvanegas.com.co\/index.php\/gym-mental\/","url":"https:\/\/psicologofabianvanegas.com.co\/index.php\/gym-mental\/","name":"Gym Mental - Psicologo Fabian Vanegas","isPartOf":{"@id":"https:\/\/psicologofabianvanegas.com.co\/#website"},"datePublished":"2024-10-08T04:13:18+00:00","dateModified":"2025-02-12T06:09:19+00:00","breadcrumb":{"@id":"https:\/\/psicologofabianvanegas.com.co\/index.php\/gym-mental\/#breadcrumb"},"inLanguage":"es","potentialAction":[{"@type":"ReadAction","target":["https:\/\/psicologofabianvanegas.com.co\/index.php\/gym-mental\/"]}]},{"@type":"BreadcrumbList","@id":"https:\/\/psicologofabianvanegas.com.co\/index.php\/gym-mental\/#breadcrumb","itemListElement":[{"@type":"ListItem","position":1,"name":"Portada","item":"https:\/\/psicologofabianvanegas.com.co\/"},{"@type":"ListItem","position":2,"name":"Gym Mental"}]},{"@type":"WebSite","@id":"https:\/\/psicologofabianvanegas.com.co\/#website","url":"https:\/\/psicologofabianvanegas.com.co\/","name":"Psicologo Fabian Vanegas","description":"","potentialAction":[{"@type":"SearchAction","target":{"@type":"EntryPoint","urlTemplate":"https:\/\/psicologofabianvanegas.com.co\/?s={search_term_string}"},"query-input":{"@type":"PropertyValueSpecification","valueRequired":true,"valueName":"search_term_string"}}],"inLanguage":"es"}]}},"_links":{"self":[{"href":"https:\/\/psicologofabianvanegas.com.co\/index.php\/wp-json\/wp\/v2\/pages\/21","targetHints":{"allow":["GET"]}}],"collection":[{"href":"https:\/\/psicologofabianvanegas.com.co\/index.php\/wp-json\/wp\/v2\/pages"}],"about":[{"href":"https:\/\/psicologofabianvanegas.com.co\/index.php\/wp-json\/wp\/v2\/types\/page"}],"author":[{"embeddable":true,"href":"https:\/\/psicologofabianvanegas.com.co\/index.php\/wp-json\/wp\/v2\/users\/1"}],"replies":[{"embeddable":true,"href":"https:\/\/psicologofabianvanegas.com.co\/index.php\/wp-json\/wp\/v2\/comments?post=21"}],"version-history":[{"count":73,"href":"https:\/\/psicologofabianvanegas.com.co\/index.php\/wp-json\/wp\/v2\/pages\/21\/revisions"}],"predecessor-version":[{"id":728,"href":"https:\/\/psicologofabianvanegas.com.co\/index.php\/wp-json\/wp\/v2\/pages\/21\/revisions\/728"}],"wp:attachment":[{"href":"https:\/\/psicologofabianvanegas.com.co\/index.php\/wp-json\/wp\/v2\/media?parent=21"}],"curies":[{"name":"wp","href":"https:\/\/api.w.org\/{rel}","templated":true}]}}