{"id":324,"date":"2024-10-09T23:06:26","date_gmt":"2024-10-09T23:06:26","guid":{"rendered":"https:\/\/psicologofabianvanegas.com.co\/?page_id=324"},"modified":"2025-02-12T06:19:46","modified_gmt":"2025-02-12T06:19:46","slug":"consultorias","status":"publish","type":"page","link":"https:\/\/psicologofabianvanegas.com.co\/index.php\/consultorias\/","title":{"rendered":"Consultorias"},"content":{"rendered":"\t\t<div data-elementor-type=\"wp-page\" data-elementor-id=\"324\" class=\"elementor elementor-324\" data-elementor-post-type=\"page\">\n\t\t\t\t<div class=\"elementor-element elementor-element-6f7de3bf e-flex e-con-boxed e-con e-parent\" data-id=\"6f7de3bf\" data-element_type=\"container\" data-settings=\"{&quot;background_background&quot;:&quot;gradient&quot;}\">\n\t\t\t\t\t<div class=\"e-con-inner\">\n\t\t<div class=\"elementor-element elementor-element-7214e267 e-flex e-con-boxed e-con e-child\" data-id=\"7214e267\" data-element_type=\"container\">\n\t\t\t\t\t<div class=\"e-con-inner\">\n\t\t\t\t<div class=\"elementor-element elementor-element-8e7aad7 elementor-widget elementor-widget-heading\" data-id=\"8e7aad7\" data-element_type=\"widget\" data-widget_type=\"heading.default\">\n\t\t\t\t<div class=\"elementor-widget-container\">\n\t\t\t\t\t<h2 class=\"elementor-heading-title elementor-size-default\">consultorias<\/h2>\t\t\t\t<\/div>\n\t\t\t\t<\/div>\n\t\t\t\t<div class=\"elementor-element elementor-element-ed976da elementor-widget elementor-widget-text-editor\" data-id=\"ed976da\" data-element_type=\"widget\" data-widget_type=\"text-editor.default\">\n\t\t\t\t<div class=\"elementor-widget-container\">\n\t\t\t\t\t\t\t\t\t<p><b>1. Para empresa<\/b><\/p><ul><li><strong>Consultor\u00eda Integral en Reclutamiento y Selecci\u00f3n de Personal<\/strong><br \/><strong>Descripci\u00f3n<\/strong>: Brindo un servicio de consultor\u00eda integral que aborda todas las etapas del reclutamiento y selecci\u00f3n de personal. Desde la definici\u00f3n de perfiles de candidato y la optimizaci\u00f3n del proceso de reclutamiento, hasta la implementaci\u00f3n de entrevistas efectivas y el desarrollo de un proceso de onboarding exitoso. Mi objetivo es ayudarte a atraer y seleccionar el talento adecuado que se alinee con la cultura y los valores de tu empresa.<br \/><br \/><\/li><li><b>Capacitaci\u00f3n y Desarrollo de Personal<br \/>Descripci\u00f3n<\/b>: Ofrezco un servicio de consultor\u00eda integral en capacitaci\u00f3n y desarrollo de personal, dise\u00f1ado para maximizar el potencial de los empleados y mejorar el rendimiento organizacional. Este servicio incluye el an\u00e1lisis de necesidades de capacitaci\u00f3n, el dise\u00f1o de programas personalizados de formaci\u00f3n y la implementaci\u00f3n de talleres pr\u00e1cticos que aborden habilidades espec\u00edficas. Mi objetivo es ayudar a las empresas a fomentar una cultura de aprendizaje continuo, asegurando que su personal est\u00e9 preparado para enfrentar los desaf\u00edos actuales y futuros.<br \/><br \/><\/li><li><b>Programas de Capacitaci\u00f3n para Clientes<br \/>Descripci\u00f3n<\/b>: Ofrezco una consultor\u00eda especializada en el dise\u00f1o e implementaci\u00f3n de programas de capacitaci\u00f3n para clientes, ayudando a las empresas a educar y empoderar a sus consumidores. Esto incluye la identificaci\u00f3n de temas relevantes, el desarrollo de contenido interactivo y atractivo, y la facilitaci\u00f3n de talleres y charlas que mejoren la experiencia del cliente. Mi objetivo es equipar a las empresas con herramientas que les permitan fortalecer la relaci\u00f3n con sus clientes, aumentar la satisfacci\u00f3n y fidelizaci\u00f3n, y posicionarse como l\u00edderes en su industria.<\/li><\/ul><p><strong>2. Individuales<\/strong><\/p><ul><li><strong>Decisiones de Carrera<\/strong>: Ayudo a las personas a evaluar sus opciones profesionales y a tomar decisiones sobre su futuro acad\u00e9mico o laboral. Esto incluye cambios de carrera, promociones o nuevos estudios.<\/li><li><p><strong>Mejorar la comunicaci\u00f3n en sus relaciones: <\/strong>Proporciono estrategias para mejorar la comunicaci\u00f3n en relaciones personales o laborales. Esto puede incluir el manejo de conflictos o la mejora de la escucha activa<\/p><\/li><li><p><strong>Gesti\u00f3n del Tiempo: <\/strong>Proporciona herramientas y t\u00e9cnicas para ayudar a las personas a organizar su tiempo y priorizar tareas de manera efectiva.<\/p><\/li><li><p><strong>Direcci\u00f3n en el Proceso de Duelo:<\/strong> Ayuda a las personas a navegar su proceso de duelo brind\u00e1ndoles orientaci\u00f3n sobre c\u00f3mo abordar sus emociones y encontrar formas de seguir adelante<\/p><\/li><li><p><strong>Conflictos en el Trabajo:<\/strong> Proporciona estrategias para abordar y resolver conflictos en el entorno laboral, fomentando un ambiente de trabajo m\u00e1s saludable.<\/p><p>\u00a0<\/p><\/li><\/ul>\t\t\t\t\t\t\t\t<\/div>\n\t\t\t\t<\/div>\n\t\t\t\t\t<\/div>\n\t\t\t\t<\/div>\n\t\t\t\t\t<\/div>\n\t\t\t\t<\/div>\n\t\t\t\t<\/div>\n\t\t","protected":false},"excerpt":{"rendered":"<p>consultorias 1. Para empresa Consultor\u00eda Integral en Reclutamiento y Selecci\u00f3n de PersonalDescripci\u00f3n: Brindo un servicio de consultor\u00eda integral que aborda [&hellip;]<\/p>\n","protected":false},"author":1,"featured_media":0,"parent":0,"menu_order":0,"comment_status":"closed","ping_status":"closed","template":"elementor_header_footer","meta":{"site-sidebar-layout":"no-sidebar","site-content-layout":"","ast-site-content-layout":"full-width-container","site-content-style":"default","site-sidebar-style":"default","ast-global-header-display":"","ast-banner-title-visibility":"","ast-main-header-display":"","ast-hfb-above-header-display":"","ast-hfb-below-header-display":"","ast-hfb-mobile-header-display":"","site-post-title":"disabled","ast-breadcrumbs-content":"","ast-featured-img":"disabled","footer-sml-layout":"","theme-transparent-header-meta":"default","adv-header-id-meta":"","stick-header-meta":"","header-above-stick-meta":"","header-main-stick-meta":"","header-below-stick-meta":"","astra-migrate-meta-layouts":"set","ast-page-background-enabled":"default","ast-page-background-meta":{"desktop":{"background-color":"var(--ast-global-color-4)","background-image":"","background-repeat":"repeat","background-position":"center center","background-size":"auto","background-attachment":"scroll","background-type":"","background-media":"","overlay-type":"","overlay-color":"","overlay-opacity":"","overlay-gradient":""},"tablet":{"background-color":"","background-image":"","background-repeat":"repeat","background-position":"center center","background-size":"auto","background-attachment":"scroll","background-type":"","background-media":"","overlay-type":"","overlay-color":"","overlay-opacity":"","overlay-gradient":""},"mobile":{"background-color":"","background-image":"","background-repeat":"repeat","background-position":"center center","background-size":"auto","background-attachment":"scroll","background-type":"","background-media":"","overlay-type":"","overlay-color":"","overlay-opacity":"","overlay-gradient":""}},"ast-content-background-meta":{"desktop":{"background-color":"var(--ast-global-color-5)","background-image":"","background-repeat":"repeat","background-position":"center center","background-size":"auto","background-attachment":"scroll","background-type":"","background-media":"","overlay-type":"","overlay-color":"","overlay-opacity":"","overlay-gradient":""},"tablet":{"background-color":"var(--ast-global-color-5)","background-image":"","background-repeat":"repeat","background-position":"center center","background-size":"auto","background-attachment":"scroll","background-type":"","background-media":"","overlay-type":"","overlay-color":"","overlay-opacity":"","overlay-gradient":""},"mobile":{"background-color":"var(--ast-global-color-5)","background-image":"","background-repeat":"repeat","background-position":"center center","background-size":"auto","background-attachment":"scroll","background-type":"","background-media":"","overlay-type":"","overlay-color":"","overlay-opacity":"","overlay-gradient":""}},"_joinchat":[],"footnotes":""},"class_list":["post-324","page","type-page","status-publish","hentry"],"yoast_head":"<!-- This site is optimized with the Yoast SEO plugin v25.6 - https:\/\/yoast.com\/wordpress\/plugins\/seo\/ -->\n<title>Consultorias - Psicologo Fabian Vanegas<\/title>\n<meta name=\"robots\" content=\"index, follow, max-snippet:-1, max-image-preview:large, max-video-preview:-1\" \/>\n<link rel=\"canonical\" href=\"https:\/\/psicologofabianvanegas.com.co\/index.php\/consultorias\/\" \/>\n<meta property=\"og:locale\" content=\"es_ES\" \/>\n<meta property=\"og:type\" content=\"article\" \/>\n<meta property=\"og:title\" content=\"Consultorias - Psicologo Fabian Vanegas\" \/>\n<meta property=\"og:description\" content=\"consultorias 1. Para empresa Consultor\u00eda Integral en Reclutamiento y Selecci\u00f3n de PersonalDescripci\u00f3n: Brindo un servicio de consultor\u00eda integral que aborda [&hellip;]\" \/>\n<meta property=\"og:url\" content=\"https:\/\/psicologofabianvanegas.com.co\/index.php\/consultorias\/\" \/>\n<meta property=\"og:site_name\" content=\"Psicologo Fabian Vanegas\" \/>\n<meta property=\"article:modified_time\" content=\"2025-02-12T06:19:46+00:00\" \/>\n<meta name=\"twitter:card\" content=\"summary_large_image\" \/>\n<meta name=\"twitter:label1\" content=\"Tiempo de lectura\" \/>\n\t<meta name=\"twitter:data1\" content=\"2 minutos\" \/>\n<script type=\"application\/ld+json\" class=\"yoast-schema-graph\">{\"@context\":\"https:\/\/schema.org\",\"@graph\":[{\"@type\":\"WebPage\",\"@id\":\"https:\/\/psicologofabianvanegas.com.co\/index.php\/consultorias\/\",\"url\":\"https:\/\/psicologofabianvanegas.com.co\/index.php\/consultorias\/\",\"name\":\"Consultorias - Psicologo Fabian Vanegas\",\"isPartOf\":{\"@id\":\"https:\/\/psicologofabianvanegas.com.co\/#website\"},\"datePublished\":\"2024-10-09T23:06:26+00:00\",\"dateModified\":\"2025-02-12T06:19:46+00:00\",\"breadcrumb\":{\"@id\":\"https:\/\/psicologofabianvanegas.com.co\/index.php\/consultorias\/#breadcrumb\"},\"inLanguage\":\"es\",\"potentialAction\":[{\"@type\":\"ReadAction\",\"target\":[\"https:\/\/psicologofabianvanegas.com.co\/index.php\/consultorias\/\"]}]},{\"@type\":\"BreadcrumbList\",\"@id\":\"https:\/\/psicologofabianvanegas.com.co\/index.php\/consultorias\/#breadcrumb\",\"itemListElement\":[{\"@type\":\"ListItem\",\"position\":1,\"name\":\"Portada\",\"item\":\"https:\/\/psicologofabianvanegas.com.co\/\"},{\"@type\":\"ListItem\",\"position\":2,\"name\":\"Consultorias\"}]},{\"@type\":\"WebSite\",\"@id\":\"https:\/\/psicologofabianvanegas.com.co\/#website\",\"url\":\"https:\/\/psicologofabianvanegas.com.co\/\",\"name\":\"Psicologo Fabian Vanegas\",\"description\":\"\",\"potentialAction\":[{\"@type\":\"SearchAction\",\"target\":{\"@type\":\"EntryPoint\",\"urlTemplate\":\"https:\/\/psicologofabianvanegas.com.co\/?s={search_term_string}\"},\"query-input\":{\"@type\":\"PropertyValueSpecification\",\"valueRequired\":true,\"valueName\":\"search_term_string\"}}],\"inLanguage\":\"es\"}]}<\/script>\n<!-- \/ Yoast SEO plugin. -->","yoast_head_json":{"title":"Consultorias - Psicologo Fabian Vanegas","robots":{"index":"index","follow":"follow","max-snippet":"max-snippet:-1","max-image-preview":"max-image-preview:large","max-video-preview":"max-video-preview:-1"},"canonical":"https:\/\/psicologofabianvanegas.com.co\/index.php\/consultorias\/","og_locale":"es_ES","og_type":"article","og_title":"Consultorias - Psicologo Fabian Vanegas","og_description":"consultorias 1. Para empresa Consultor\u00eda Integral en Reclutamiento y Selecci\u00f3n de PersonalDescripci\u00f3n: Brindo un servicio de consultor\u00eda integral que aborda [&hellip;]","og_url":"https:\/\/psicologofabianvanegas.com.co\/index.php\/consultorias\/","og_site_name":"Psicologo Fabian Vanegas","article_modified_time":"2025-02-12T06:19:46+00:00","twitter_card":"summary_large_image","twitter_misc":{"Tiempo de lectura":"2 minutos"},"schema":{"@context":"https:\/\/schema.org","@graph":[{"@type":"WebPage","@id":"https:\/\/psicologofabianvanegas.com.co\/index.php\/consultorias\/","url":"https:\/\/psicologofabianvanegas.com.co\/index.php\/consultorias\/","name":"Consultorias - Psicologo Fabian Vanegas","isPartOf":{"@id":"https:\/\/psicologofabianvanegas.com.co\/#website"},"datePublished":"2024-10-09T23:06:26+00:00","dateModified":"2025-02-12T06:19:46+00:00","breadcrumb":{"@id":"https:\/\/psicologofabianvanegas.com.co\/index.php\/consultorias\/#breadcrumb"},"inLanguage":"es","potentialAction":[{"@type":"ReadAction","target":["https:\/\/psicologofabianvanegas.com.co\/index.php\/consultorias\/"]}]},{"@type":"BreadcrumbList","@id":"https:\/\/psicologofabianvanegas.com.co\/index.php\/consultorias\/#breadcrumb","itemListElement":[{"@type":"ListItem","position":1,"name":"Portada","item":"https:\/\/psicologofabianvanegas.com.co\/"},{"@type":"ListItem","position":2,"name":"Consultorias"}]},{"@type":"WebSite","@id":"https:\/\/psicologofabianvanegas.com.co\/#website","url":"https:\/\/psicologofabianvanegas.com.co\/","name":"Psicologo Fabian Vanegas","description":"","potentialAction":[{"@type":"SearchAction","target":{"@type":"EntryPoint","urlTemplate":"https:\/\/psicologofabianvanegas.com.co\/?s={search_term_string}"},"query-input":{"@type":"PropertyValueSpecification","valueRequired":true,"valueName":"search_term_string"}}],"inLanguage":"es"}]}},"_links":{"self":[{"href":"https:\/\/psicologofabianvanegas.com.co\/index.php\/wp-json\/wp\/v2\/pages\/324","targetHints":{"allow":["GET"]}}],"collection":[{"href":"https:\/\/psicologofabianvanegas.com.co\/index.php\/wp-json\/wp\/v2\/pages"}],"about":[{"href":"https:\/\/psicologofabianvanegas.com.co\/index.php\/wp-json\/wp\/v2\/types\/page"}],"author":[{"embeddable":true,"href":"https:\/\/psicologofabianvanegas.com.co\/index.php\/wp-json\/wp\/v2\/users\/1"}],"replies":[{"embeddable":true,"href":"https:\/\/psicologofabianvanegas.com.co\/index.php\/wp-json\/wp\/v2\/comments?post=324"}],"version-history":[{"count":31,"href":"https:\/\/psicologofabianvanegas.com.co\/index.php\/wp-json\/wp\/v2\/pages\/324\/revisions"}],"predecessor-version":[{"id":740,"href":"https:\/\/psicologofabianvanegas.com.co\/index.php\/wp-json\/wp\/v2\/pages\/324\/revisions\/740"}],"wp:attachment":[{"href":"https:\/\/psicologofabianvanegas.com.co\/index.php\/wp-json\/wp\/v2\/media?parent=324"}],"curies":[{"name":"wp","href":"https:\/\/api.w.org\/{rel}","templated":true}]}}